{"id":922,"date":"2023-03-28T16:15:06","date_gmt":"2023-03-28T21:15:06","guid":{"rendered":"https:\/\/corpomixnortedesantander.com\/web\/?page_id=922"},"modified":"2026-04-29T17:58:47","modified_gmt":"2026-04-29T22:58:47","slug":"noticias-new","status":"publish","type":"page","link":"https:\/\/corpomixnortedesantander.com\/web\/noticias-new\/","title":{"rendered":"2-NOTICIAS"},"content":{"rendered":"<p>[et_pb_section fb_built=&#8221;1&#8243; _builder_version=&#8221;3.21.4&#8243; da_disable_devices=&#8221;off|off|off&#8221; da_is_popup=&#8221;off&#8221; da_exit_intent=&#8221;off&#8221; da_has_close=&#8221;on&#8221; da_alt_close=&#8221;off&#8221; da_dark_close=&#8221;off&#8221; da_not_modal=&#8221;on&#8221; da_is_singular=&#8221;off&#8221; da_with_loader=&#8221;off&#8221; da_has_shadow=&#8221;on&#8221;][et_pb_row _builder_version=&#8221;3.21.4&#8243; link_option_url=&#8221;https:\/\/corpomixnortedesantander.com\/web\/el-turismo-como-motor-de-desarrollo-en-norte-de-santander-una-oportunidad-para-crecer\/?et_fb=1&#038;PageSpeed=off&#8221;][et_pb_column type=&#8221;1_4&#8243; _builder_version=&#8221;3.21.4&#8243;][et_pb_blurb title=&#8221;El Turismo como Motor de Desarrollo en Norte de Santander: Una Oportunidad para Crecer&#8221; image=&#8221;https:\/\/corpomixnortedesantander.com\/web\/wp-content\/uploads\/2025\/04\/Turismo-en-Norte-de-Santander.jpeg&#8221; _builder_version=&#8221;3.21.4&#8243; link_option_url=&#8221;https:\/\/corpomixnortedesantander.com\/web\/el-turismo-como-motor-de-desarrollo-en-norte-de-santander-una-oportunidad-para-crecer\/?et_fb=1&#038;PageSpeed=off&#8221;]<\/p>\n<p style=\"text-align: justify;\">La importancia de promover a Norte de Santander como destino tur\u00edstico para impulsar la econom\u00eda local y mejorar la calidad de vida de sus habitantes.<br \/> La Corporaci\u00f3n Mixta Promoci\u00f3n de Norte de Santander ha estado trabajando arduamente para posicionar a la regi\u00f3n como un destino tur\u00edstico atractivo y competitivo. En este sentido, es fundamental destacar la importancia del turismo como motor de desarrollo econ\u00f3mico y social para la regi\u00f3n.<\/p>\n<p>[\/et_pb_blurb][\/et_pb_column][et_pb_column type=&#8221;1_4&#8243; _builder_version=&#8221;3.21.4&#8243;][et_pb_blurb title=&#8221;La importancia de seguir impulsando el turismo en Norte de Santander&#8221; image=&#8221;https:\/\/corpomixnortedesantander.com\/web\/wp-content\/uploads\/2025\/05\/Foto-Noticia-2.png&#8221; _builder_version=&#8221;3.21.4&#8243; url=&#8221;https:\/\/corpomixnortedesantander.com\/web\/la-importancia-de-seguir-impulsando-el-turismo-en-norte-de-santander\/&#8221;]<\/p>\n<p style=\"text-align: justify;\">El turismo es un sector econ\u00f3mico que genera empleos, ingresos y oportunidades de crecimiento para las comunidades locales. En Norte de Santander, el turismo es un factor clave para diversificar la econom\u00eda y reducir la dependencia de sectores tradicionales.<\/p>\n<p style=\"text-align: justify;\">La regi\u00f3n cuenta con una rica herencia cultural y una gran variedad de paisajes naturales que la convierten en un destino tur\u00edstico \u00fanico. Sin embargo, para aprovechar al m\u00e1ximo el potencial del turismo, es necesario seguir impulsando y promocionando a Norte de Santander &#8230;<\/p>\n<p>[\/et_pb_blurb][\/et_pb_column][et_pb_column type=&#8221;1_4&#8243; _builder_version=&#8221;3.21.4&#8243;][et_pb_blurb title=&#8221;D\u00e9janos contarte una historia &#8221; url=&#8221;https:\/\/corpomixnortedesantander.com\/web\/dejanos-contarte-una-historia\/?et_fb=1&#038;PageSpeed=off&#8221; image=&#8221;https:\/\/corpomixnortedesantander.com\/web\/wp-content\/uploads\/2025\/04\/PORTADA-PARA-FACEBOOK-CORPOMIX.png&#8221; _builder_version=&#8221;3.21.4&#8243;]<\/p>\n<p style=\"text-align: justify;\"><span>Existe un lugar m\u00e1gico cubierto de verde donde nuestros h\u00e9roes, forjaron y construyeron el gran sue\u00f1o de una naci\u00f3n libre.<\/span><\/p>\n<p style=\"text-align: justify;\"><span>Donde bravos guerreros y sabios ilustres dieron su vida.<\/span><\/p>\n<p style=\"text-align: justify;\"><span>Un lugar donde sientes la pasi\u00f3n de ser patria.<\/span><\/p>\n<p style=\"text-align: justify;\">Una tierra noble, leal y valerosa, llena de magia y lugares alucinantes, puros, cargados de belleza y majestuosidad.<\/p>\n<p style=\"text-align: justify;\"><span>Donde la fiesta y el goce hacen parte de cada d\u00eda y los sabores, olores y sensaciones te transportaran a un lugar donde las maravillas no se explican con palabras.<\/span><\/p>\n<p>[\/et_pb_blurb][\/et_pb_column][et_pb_column type=&#8221;1_4&#8243; _builder_version=&#8221;3.21.4&#8243;][\/et_pb_column][\/et_pb_row][\/et_pb_section]<\/p>\n<!-- AddThis Advanced Settings generic via filter on the_content --><!-- AddThis Share Buttons generic via filter on the_content -->","protected":false},"excerpt":{"rendered":"<p>[et_pb_section fb_built=&#8221;1&#8243; _builder_version=&#8221;3.21.4&#8243; da_disable_devices=&#8221;off|off|off&#8221; da_is_popup=&#8221;off&#8221; da_exit_intent=&#8221;off&#8221; da_has_close=&#8221;on&#8221; da_alt_close=&#8221;off&#8221; da_dark_close=&#8221;off&#8221; da_not_modal=&#8221;on&#8221; da_is_singular=&#8221;off&#8221; da_with_loader=&#8221;off&#8221; da_has_shadow=&#8221;on&#8221;][et_pb_row _builder_version=&#8221;3.21.4&#8243; link_option_url=&#8221;https:\/\/corpomixnortedesantander.com\/web\/el-turismo-como-motor-de-desarrollo-en-norte-de-santander-una-oportunidad-para-crecer\/?et_fb=1&#038;PageSpeed=off&#8221;][et_pb_column type=&#8221;1_4&#8243; _builder_version=&#8221;3.21.4&#8243;][et_pb_blurb title=&#8221;El Turismo como Motor de Desarrollo en Norte de Santander: Una Oportunidad para Crecer&#8221; image=&#8221;https:\/\/corpomixnortedesantander.com\/web\/wp-content\/uploads\/2025\/04\/Turismo-en-Norte-de-Santander.jpeg&#8221; _builder_version=&#8221;3.21.4&#8243; link_option_url=&#8221;https:\/\/corpomixnortedesantander.com\/web\/el-turismo-como-motor-de-desarrollo-en-norte-de-santander-una-oportunidad-para-crecer\/?et_fb=1&#038;PageSpeed=off&#8221;] La importancia de promover a Norte de Santander como destino tur\u00edstico para impulsar la econom\u00eda local y mejorar la calidad de [&hellip;]<!-- AddThis Advanced Settings generic via filter on get_the_excerpt --><!-- AddThis Share Buttons generic via filter on get_the_excerpt --><\/p>\n","protected":false},"author":1,"featured_media":0,"parent":0,"menu_order":0,"comment_status":"closed","ping_status":"closed","template":"","meta":{"_et_pb_use_builder":"on","_et_pb_old_content":"","_exactmetrics_skip_tracking":false,"_exactmetrics_sitenote_active":false,"_exactmetrics_sitenote_note":"","_exactmetrics_sitenote_category":0,"footnotes":""},"class_list":["post-922","page","type-page","status-publish","hentry"],"_links":{"self":[{"href":"https:\/\/corpomixnortedesantander.com\/web\/wp-json\/wp\/v2\/pages\/922","targetHints":{"allow":["GET"]}}],"collection":[{"href":"https:\/\/corpomixnortedesantander.com\/web\/wp-json\/wp\/v2\/pages"}],"about":[{"href":"https:\/\/corpomixnortedesantander.com\/web\/wp-json\/wp\/v2\/types\/page"}],"author":[{"embeddable":true,"href":"https:\/\/corpomixnortedesantander.com\/web\/wp-json\/wp\/v2\/users\/1"}],"replies":[{"embeddable":true,"href":"https:\/\/corpomixnortedesantander.com\/web\/wp-json\/wp\/v2\/comments?post=922"}],"version-history":[{"count":28,"href":"https:\/\/corpomixnortedesantander.com\/web\/wp-json\/wp\/v2\/pages\/922\/revisions"}],"predecessor-version":[{"id":1556,"href":"https:\/\/corpomixnortedesantander.com\/web\/wp-json\/wp\/v2\/pages\/922\/revisions\/1556"}],"wp:attachment":[{"href":"https:\/\/corpomixnortedesantander.com\/web\/wp-json\/wp\/v2\/media?parent=922"}],"curies":[{"name":"wp","href":"https:\/\/api.w.org\/{rel}","templated":true}]}}