{"id":483,"date":"2021-06-15T12:32:37","date_gmt":"2021-06-15T17:32:37","guid":{"rendered":"https:\/\/corpomixnortedesantander.com\/web\/?page_id=483"},"modified":"2022-10-06T10:08:02","modified_gmt":"2022-10-06T15:08:02","slug":"tratamiento-de-datos-personales","status":"publish","type":"page","link":"https:\/\/corpomixnortedesantander.com\/web\/tratamiento-de-datos-personales\/","title":{"rendered":"Tratamiento de Datos Personales"},"content":{"rendered":"\n<p>Tus datos personales est\u00e1n seguros con nosotros. Aviso de Privacidad, Autorizaci\u00f3n expresa y Pol\u00edtica para el tratamiento de datos personales, En el cumplimiento de la ley 1581 de 2012 \u201cPor el cual se dictan disposiciones generales para la protecci\u00f3n de datos personales\u201d y de conformidad con lo se\u00f1alado en el Decreto 1377 de 2013. Llenar los datos y remitirlos a Corporaci\u00f3n Mixta de Promoci\u00f3n de Norte de Santander en su pedido o al correo electr\u00f3nico habilitado para este fin.<\/p>\n\n\n\n<p>Manifiesto que he sido informado por Corporaci\u00f3n Mixta de Promoci\u00f3n de Norte de Santander de lo siguiente:<\/p>\n\n\n\n<ol class=\"wp-block-list\"><li>Corporaci\u00f3n Mixta de Promoci\u00f3n de Norte de Santander con numero de Nit. 800025888-3 con domicilio en la Calle 10 No. 0-20 Edificio Rosetal Cucuta, Tel\u00e9fono 5713395 \u2013 5718981, Email info@corpomixnortedesantander.com en cumplimiento a lo estipulado en la ley 1581 de 2012, el decreto 1377 de 2013 es responsable del tratamiento de sus datos personales; por ello informa que todos los datos personales que suministre en virtud de operaciones comerciales realizadas con Corporaci\u00f3n Mixta de Promoci\u00f3n de Norte de Santander ser\u00e1n tratados mediante el uso y mantenimiento de medidas de seguridad t\u00e9cnicas, f\u00edsicas y administrativas a fin de impedir que personal no autorizado accedan a los mismos.<br>Corporaci\u00f3n Mixta de Promoci\u00f3n de Norte de Santander como responsable del tratamiento de los datos personales ha puesto a disposici\u00f3n la l\u00ednea de atenci\u00f3n 5713395 \u2013 5718981 y el correo electr\u00f3nico info@corpomixnortedesantander.com en donde personal, prestara atenci\u00f3n a los requerimientos.<\/li><li>Los datos personales ser\u00e1n utilizados para las siguientes finalidades:<br>Para realizar registro como cliente, identificarlo en cualquier tipo de relaci\u00f3n jur\u00eddica o de negocios, proveer, procesar, completar y darles seguimiento a los servicios requeridos, as\u00ed como otorgar cumplimiento a las obligaciones contra\u00eddas, elaborar la factura correspondiente que ampara el servicio prestado, para efectos de declaraciones fiscales, para realizar los diferentes tipos de cobranza.<br>La forma de tratamiento de la base de datos ser\u00e1 obtenida manual y\/o automatizada cuando se proporcione al solicitar los servicios, cuando se hace su registro como cliente nuevo, cuando se celebre alg\u00fan contrato o cuando se otorgue la informaci\u00f3n para elaborar la factura correspondiente y entre otros.<\/li><li>Es de car\u00e1cter facultativo o voluntario responder preguntas que versen sobre datos sensibles o sobre menores de edad.<\/li><li>Mis derechos como titular de los datos son los previstos en la constituci\u00f3n y la ley, especialmente el derecho consentimiento otorgado para el tratamiento de datos personales.<\/li><li>Los derechos pueden ser ejercidos a trav\u00e9s de los canales dispuestos por Corporaci\u00f3n Mixta de Promoci\u00f3n de Norte de Santander y observando la pol\u00edtica de tratamiento de datos personales de Corporaci\u00f3n Mixta de Promoci\u00f3n de Norte de Santander.<\/li><li>Mediante el env\u00edo al correo electr\u00f3nico info@corpomixnortedesantander.com podre radicar cualquier tipo de requerimiento relacionado con el tratamiento de datos personales.<\/li><li>Corporaci\u00f3n Mixta de Promoci\u00f3n de Norte de Santander garantizara la confidencialidad, libertad, seguridad, veracidad, transparencia, acceso y circulaci\u00f3n restringida de mis datos y se reservara el derecho de modificar su pol\u00edtica de tratamiento de datos personales en cualquier momento.<\/li><li>Teniendo en cuenta lo anterior, autorizo de manera voluntaria, previa, explicita, informada e inequ\u00edvoca Corporaci\u00f3n Mixta de Promoci\u00f3n de Norte de Santander, para tratar mis datos personales y tomar la informaci\u00f3n requerida para el cabal cumplimiento del contrato que se suscriba de acuerdo con su pol\u00edtica de tratamiento de datos personales para los fines relacionados con su objeto y en especial para fines legales, contractuales, misionales descritos en la pol\u00edtica de tratamiento de datos personales de Corporaci\u00f3n Mixta de Promoci\u00f3n de Norte de Santander.<\/li><li>La informaci\u00f3n obtenida para el tratamiento de mis datos personales la he suministrado de forma voluntaria y es ver\u00eddica.<\/li><li>Le\u00eddo lo anterior autorizo de manera previa, explicita e inequ\u00edvoca a Corporaci\u00f3n Mixta de Promoci\u00f3n de Norte de Santander, para el tratamiento de datos personales suministrados por mi persona dentro de las finalidades legales, contractuales, comerciales y las aqu\u00ed contempladas. Declaro que soy titular de la informaci\u00f3n reportada en este formulario para autorizar el tratamiento de mis datos personales y que los he suministrado de forma voluntaria, confiable, veraz, exacta y ver\u00eddica.<br>Para constancia de lo anterior he diligenciado los datos en todos los campos obligatorios.<\/li><\/ol>\n<!-- AddThis Advanced Settings generic via filter on the_content --><!-- AddThis Share Buttons generic via filter on the_content -->","protected":false},"excerpt":{"rendered":"<p>Tus datos personales est\u00e1n seguros con nosotros. Aviso de Privacidad, Autorizaci\u00f3n expresa y Pol\u00edtica para el tratamiento de datos personales, En el cumplimiento de la ley 1581 de 2012 \u201cPor el cual se dictan disposiciones generales para la protecci\u00f3n de datos personales\u201d y de conformidad con lo se\u00f1alado en el Decreto 1377 de 2013. Llenar [&hellip;]<!-- AddThis Advanced Settings generic via filter on get_the_excerpt --><!-- AddThis Share Buttons generic via filter on get_the_excerpt --><\/p>\n","protected":false},"author":1,"featured_media":0,"parent":0,"menu_order":0,"comment_status":"closed","ping_status":"closed","template":"","meta":{"_et_pb_use_builder":"off","_et_pb_old_content":"","_exactmetrics_skip_tracking":false,"_exactmetrics_sitenote_active":false,"_exactmetrics_sitenote_note":"","_exactmetrics_sitenote_category":0,"footnotes":""},"class_list":["post-483","page","type-page","status-publish","hentry"],"_links":{"self":[{"href":"https:\/\/corpomixnortedesantander.com\/web\/wp-json\/wp\/v2\/pages\/483","targetHints":{"allow":["GET"]}}],"collection":[{"href":"https:\/\/corpomixnortedesantander.com\/web\/wp-json\/wp\/v2\/pages"}],"about":[{"href":"https:\/\/corpomixnortedesantander.com\/web\/wp-json\/wp\/v2\/types\/page"}],"author":[{"embeddable":true,"href":"https:\/\/corpomixnortedesantander.com\/web\/wp-json\/wp\/v2\/users\/1"}],"replies":[{"embeddable":true,"href":"https:\/\/corpomixnortedesantander.com\/web\/wp-json\/wp\/v2\/comments?post=483"}],"version-history":[{"count":2,"href":"https:\/\/corpomixnortedesantander.com\/web\/wp-json\/wp\/v2\/pages\/483\/revisions"}],"predecessor-version":[{"id":570,"href":"https:\/\/corpomixnortedesantander.com\/web\/wp-json\/wp\/v2\/pages\/483\/revisions\/570"}],"wp:attachment":[{"href":"https:\/\/corpomixnortedesantander.com\/web\/wp-json\/wp\/v2\/media?parent=483"}],"curies":[{"name":"wp","href":"https:\/\/api.w.org\/{rel}","templated":true}]}}